{"id":17175,"date":"2016-04-27T11:05:57","date_gmt":"2016-04-27T10:05:57","guid":{"rendered":"http:\/\/chateaudelagreffiere.com\/?page_id=17175&#038;lang=en"},"modified":"2024-12-31T10:44:44","modified_gmt":"2024-12-31T09:44:44","slug":"chateau-des-bois","status":"publish","type":"page","link":"https:\/\/chateaudelagreffiere.com\/en\/chateau-des-bois\/","title":{"rendered":"Ch\u00e2teau des Bois"},"content":{"rendered":"<p>[vc_row row_type=&#8221;row&#8221; use_row_as_full_screen_section=&#8221;no&#8221; type=&#8221;grid&#8221; anchor=&#8221;portfolio&#8221; angled_section=&#8221;no&#8221; text_align=&#8221;left&#8221; background_image_as_pattern=&#8221;without_pattern&#8221; background_color=&#8221;#ffffff&#8221; padding_top=&#8221;16&#8243; padding_bottom=&#8221;0&#8243; css_animation=&#8221;&#8221;][vc_column width=&#8221;1\/3&#8243;][vc_single_image image=&#8221;18515&#8243; img_size=&#8221;blog-list&#8221; alignment=&#8221;center&#8221; qode_css_animation=&#8221;element_from_left&#8221; transition_delay=&#8221;0.3&#8243;][vc_separator type=&#8221;transparent&#8221; up=&#8221;40&#8243; down=&#8221;0&#8243;][\/vc_column][vc_column width=&#8221;2\/3&#8243;][vc_column_text]A story[\/vc_column_text][vc_separator type=&#8221;small&#8221; position=&#8221;left&#8221; color=&#8221;#ad9263&#8243; thickness=&#8221;2&#8243; width=&#8221;47&#8243; up=&#8221;17&#8243; down=&#8221;14&#8243;][vc_column_text]<em>Ch\u00e2teau des Bois<\/em> is located at Sologny in south of Burgundy between M\u00e2con and Cluny. It was built in the XIX century on the beautiful countryside in the center of a rich historic medieval region: For exemple, you can visit the <em>Cluny<\/em>&#8216;s Abbey and the castel of <em>Berz\u00e9 Le Chatel<\/em> just few kilometers north.<br \/>\nIn 2012, when the wine grower stopped to work,\u00a0The owners of <em>Ch\u00e2teau des Bois<\/em> looked for a young person to continue cultivating and vinifying in the Castle.\u00a0Xavier Greuzard, new wine grower of the <em>Ch\u00e2teau de la Greffi\u00e8re<\/em>, suggests to bring his knowledge\u00a0on the exploitation.[\/vc_column_text][vc_separator type=&#8221;transparent&#8221; up=&#8221;59&#8243; down=&#8221;0&#8243;][\/vc_column][\/vc_row][vc_row row_type=&#8221;row&#8221; use_row_as_full_screen_section=&#8221;no&#8221; type=&#8221;grid&#8221; angled_section=&#8221;no&#8221; text_align=&#8221;left&#8221; background_image_as_pattern=&#8221;without_pattern&#8221; css_animation=&#8221;&#8221;][vc_column][vc_separator type=&#8221;normal&#8221; color=&#8221;#e0e0e0&#8243; thickness=&#8221;1&#8243; up=&#8221;0&#8243; down=&#8221;0&#8243;][\/vc_column][\/vc_row][vc_row row_type=&#8221;row&#8221; use_row_as_full_screen_section=&#8221;no&#8221; type=&#8221;grid&#8221; anchor=&#8221;portfolio&#8221; angled_section=&#8221;no&#8221; text_align=&#8221;left&#8221; background_image_as_pattern=&#8221;without_pattern&#8221; background_color=&#8221;#ffffff&#8221; padding_top=&#8221;64&#8243; padding_bottom=&#8221;0&#8243; css_animation=&#8221;&#8221;][vc_column width=&#8221;2\/3&#8243;][vc_column_text]The particular local soil[\/vc_column_text][vc_separator type=&#8221;small&#8221; position=&#8221;left&#8221; color=&#8221;#ad9263&#8243; thickness=&#8221;2&#8243; width=&#8221;47&#8243; up=&#8221;17&#8243; down=&#8221;14&#8243;][vc_column_text]The domain is on a windy hill, in front of the prestigious <em>Roche De Solutr\u00e9<\/em>, this offers to the wineyard a unique specificity. In fact, <em>Ch\u00e2teau des Bois<\/em> is on the top of an natural amphitheater in wich 7.5 hectares of wine are planted. There is &#8220;Pinot Noir&#8221;, &#8220;Gamay&#8221; and &#8220;Chardonnay&#8221; on a particular ground exposed Southeast and southwest.[\/vc_column_text][vc_separator type=&#8221;transparent&#8221; up=&#8221;59&#8243; down=&#8221;0&#8243;][\/vc_column][vc_column width=&#8221;1\/3&#8243;][vc_single_image image=&#8221;18405&#8243; img_size=&#8221;blog-list&#8221; alignment=&#8221;center&#8221; qode_css_animation=&#8221;element_from_right&#8221; transition_delay=&#8221;0.6&#8243;][vc_separator type=&#8221;transparent&#8221; up=&#8221;40&#8243; down=&#8221;0&#8243;][\/vc_column][\/vc_row][vc_row row_type=&#8221;row&#8221; use_row_as_full_screen_section=&#8221;no&#8221; type=&#8221;grid&#8221; angled_section=&#8221;no&#8221; text_align=&#8221;left&#8221; background_image_as_pattern=&#8221;without_pattern&#8221; css_animation=&#8221;&#8221;][vc_column][vc_separator type=&#8221;normal&#8221; color=&#8221;#e0e0e0&#8243; thickness=&#8221;1&#8243; up=&#8221;0&#8243; down=&#8221;0&#8243;][\/vc_column][\/vc_row][vc_row row_type=&#8221;row&#8221; use_row_as_full_screen_section=&#8221;no&#8221; type=&#8221;grid&#8221; anchor=&#8221;portfolio&#8221; angled_section=&#8221;no&#8221; text_align=&#8221;left&#8221; background_image_as_pattern=&#8221;without_pattern&#8221; background_color=&#8221;#ffffff&#8221; padding_top=&#8221;64&#8243; padding_bottom=&#8221;0&#8243; css_animation=&#8221;&#8221;][vc_column width=&#8221;1\/3&#8243;][vc_single_image image=&#8221;17698&#8243; img_size=&#8221;blog-list&#8221; alignment=&#8221;center&#8221; qode_css_animation=&#8221;element_from_left&#8221; transition_delay=&#8221;0.3&#8243;][vc_separator type=&#8221;transparent&#8221; up=&#8221;40&#8243; down=&#8221;0&#8243;][\/vc_column][vc_column width=&#8221;2\/3&#8243;][vc_column_text]<\/p>\n<h5>A domain<\/h5>\n<p>[\/vc_column_text][vc_separator type=&#8221;small&#8221; position=&#8221;left&#8221; color=&#8221;#ad9263&#8243; thickness=&#8221;2&#8243; width=&#8221;47&#8243; up=&#8221;17&#8243; down=&#8221;14&#8243;][vc_column_text]The wine cellar is located few meters from the vineyard. it is a old building of several centuries which is\u00a0renovated and equipped with news equipments. It is equiped with a sorting conveyor, a pneumatic press, few stainless steel tank and oak barrels.[\/vc_column_text][vc_separator type=&#8221;transparent&#8221; up=&#8221;59&#8243; down=&#8221;0&#8243;][\/vc_column][\/vc_row][vc_row row_type=&#8221;row&#8221; use_row_as_full_screen_section=&#8221;no&#8221; type=&#8221;grid&#8221; angled_section=&#8221;no&#8221; text_align=&#8221;left&#8221; background_image_as_pattern=&#8221;without_pattern&#8221; css_animation=&#8221;&#8221;][vc_column][vc_separator type=&#8221;normal&#8221; color=&#8221;#e0e0e0&#8243; thickness=&#8221;1&#8243; up=&#8221;0&#8243; down=&#8221;0&#8243;][\/vc_column][\/vc_row][vc_row row_type=&#8221;row&#8221; use_row_as_full_screen_section=&#8221;no&#8221; type=&#8221;grid&#8221; anchor=&#8221;portfolio&#8221; angled_section=&#8221;no&#8221; text_align=&#8221;left&#8221; background_image_as_pattern=&#8221;without_pattern&#8221; background_color=&#8221;#ffffff&#8221; padding_top=&#8221;64&#8243; padding_bottom=&#8221;0&#8243; css_animation=&#8221;&#8221;][vc_column width=&#8221;2\/3&#8243;][vc_column_text]<\/p>\n<h5>wines<\/h5>\n<p>[\/vc_column_text][vc_separator type=&#8221;small&#8221; position=&#8221;left&#8221; color=&#8221;#ad9263&#8243; thickness=&#8221;2&#8243; width=&#8221;47&#8243; up=&#8221;17&#8243; down=&#8221;14&#8243;][vc_column_text]The romanticism and the passion of the eponym poet seem to blow on the hillysides yet, indeed wines are aromatic and delicate.<\/p>\n<p>Thanks to all these ideal conditions, \u00a0we can propose you four Wines:<\/p>\n<ul>\n<li><strong>M\u00e2con Milly-Lamartine white<\/strong><\/li>\n<li><strong>M\u00e2con Milly-Lamartine white \u00ab Cuv\u00e9e Alphonse \u00bb<\/strong><\/li>\n<li><strong>M\u00e2con Milly-Lamartine ros\u00e9 \u00ab Cuv\u00e9e Alphonse \u00bb<\/strong><\/li>\n<li><strong>Bourgogne red \u00ab Cuv\u00e9e Alphonse \u00bb<\/strong><\/li>\n<\/ul>\n<p>[\/vc_column_text][vc_separator type=&#8221;transparent&#8221; up=&#8221;59&#8243; down=&#8221;0&#8243;][\/vc_column][vc_column width=&#8221;1\/3&#8243;][vc_single_image image=&#8221;17699&#8243; img_size=&#8221;blog-list&#8221; alignment=&#8221;center&#8221; qode_css_animation=&#8221;element_from_right&#8221; transition_delay=&#8221;0.6&#8243;][vc_separator type=&#8221;transparent&#8221; up=&#8221;40&#8243; down=&#8221;0&#8243;][\/vc_column][\/vc_row][vc_row row_type=&#8221;row&#8221; use_row_as_full_screen_section=&#8221;no&#8221; type=&#8221;full_width&#8221; angled_section=&#8221;no&#8221; text_align=&#8221;left&#8221; background_image_as_pattern=&#8221;without_pattern&#8221; css_animation=&#8221;&#8221;][vc_column][vc_column_text]<\/p>\n<h4 style=\"text-align: center;\">wines of\u00a0Ch\u00e2teau des Bois<\/h4>\n<p>[\/vc_column_text][vc_separator type=&#8221;transparent&#8221; up=&#8221;30&#8243;]<div class='projects_holder_outer v3 portfolio_with_space portfolio_standard '><div class='projects_holder portfolio_main_holder clearfix v3 standard portfolio_full_image '>\n<article class='mix portfolio_category_241 portfolio_category_237 ' style=''><div class='image_holder'><a class='portfolio_link_for_touch' href='https:\/\/chateaudelagreffiere.com\/en\/vins\/macon-rose\/' target='_self'><span class='image'><img width=\"200\" height=\"300\" src=\"https:\/\/chateaudelagreffiere.com\/wp-content\/uploads\/2016\/04\/ALPHONSE-ROSE-200x300.jpg\" class=\"attachment-portofolio-list-custom size-portofolio-list-custom wp-post-image\" alt=\"\" loading=\"lazy\" srcset=\"https:\/\/chateaudelagreffiere.com\/wp-content\/uploads\/2016\/04\/ALPHONSE-ROSE-200x300.jpg 200w, https:\/\/chateaudelagreffiere.com\/wp-content\/uploads\/2016\/04\/ALPHONSE-ROSE-681x1024.jpg 681w, https:\/\/chateaudelagreffiere.com\/wp-content\/uploads\/2016\/04\/ALPHONSE-ROSE-768x1154.jpg 768w, https:\/\/chateaudelagreffiere.com\/wp-content\/uploads\/2016\/04\/ALPHONSE-ROSE-1022x1536.jpg 1022w, https:\/\/chateaudelagreffiere.com\/wp-content\/uploads\/2016\/04\/ALPHONSE-ROSE-1363x2048.jpg 1363w, https:\/\/chateaudelagreffiere.com\/wp-content\/uploads\/2016\/04\/ALPHONSE-ROSE-400x601.jpg 400w, https:\/\/chateaudelagreffiere.com\/wp-content\/uploads\/2016\/04\/ALPHONSE-ROSE-600x902.jpg 600w, https:\/\/chateaudelagreffiere.com\/wp-content\/uploads\/2016\/04\/ALPHONSE-ROSE-1100x1653.jpg 1100w, https:\/\/chateaudelagreffiere.com\/wp-content\/uploads\/2016\/04\/ALPHONSE-ROSE-700x1052.jpg 700w, https:\/\/chateaudelagreffiere.com\/wp-content\/uploads\/2016\/04\/ALPHONSE-ROSE-scaled.jpg 1703w\" sizes=\"(max-width: 200px) 100vw, 200px\" \/><\/span><\/a><span class='text_holder'><span class='text_outer'><span class='text_inner'><span class='feature_holder'><span class=\"feature_holder_icons\"><a class='preview qbutton small white' href='https:\/\/chateaudelagreffiere.com\/en\/vins\/macon-rose\/' target='_self'>view<\/a><\/span><\/span><\/span><\/span><\/span><\/div><div class='portfolio_description '><h5 class=\"portfolio_title\"><a href=\"https:\/\/chateaudelagreffiere.com\/en\/vins\/macon-rose\/\"  target=\"_self\">M\u00e2con Milly Lamartine ros\u00e9 &#8220;Cuv\u00e9e Alphonse&#8221;<\/a><\/h5><span class=\"project_category\" >Ch\u00e2teau des Bois, Ros\u00e9 wine<\/span><\/div><\/article>\n<article class='mix portfolio_category_241 portfolio_category_233 ' style=''><div class='image_holder'><a class='portfolio_link_for_touch' href='https:\/\/chateaudelagreffiere.com\/en\/vins\/macon-milly-lamartine-cuvee-eole\/' target='_self'><span class='image'><img width=\"200\" height=\"300\" src=\"https:\/\/chateaudelagreffiere.com\/wp-content\/uploads\/2016\/09\/sans-titre-38-200x300.jpg\" class=\"attachment-portofolio-list-custom size-portofolio-list-custom wp-post-image\" alt=\"\" loading=\"lazy\" srcset=\"https:\/\/chateaudelagreffiere.com\/wp-content\/uploads\/2016\/09\/sans-titre-38-200x300.jpg 200w, https:\/\/chateaudelagreffiere.com\/wp-content\/uploads\/2016\/09\/sans-titre-38-682x1024.jpg 682w, https:\/\/chateaudelagreffiere.com\/wp-content\/uploads\/2016\/09\/sans-titre-38-768x1154.jpg 768w, https:\/\/chateaudelagreffiere.com\/wp-content\/uploads\/2016\/09\/sans-titre-38-1022x1536.jpg 1022w, https:\/\/chateaudelagreffiere.com\/wp-content\/uploads\/2016\/09\/sans-titre-38-1363x2048.jpg 1363w, https:\/\/chateaudelagreffiere.com\/wp-content\/uploads\/2016\/09\/sans-titre-38-400x601.jpg 400w, https:\/\/chateaudelagreffiere.com\/wp-content\/uploads\/2016\/09\/sans-titre-38-600x901.jpg 600w, https:\/\/chateaudelagreffiere.com\/wp-content\/uploads\/2016\/09\/sans-titre-38-1100x1653.jpg 1100w, https:\/\/chateaudelagreffiere.com\/wp-content\/uploads\/2016\/09\/sans-titre-38-700x1052.jpg 700w, https:\/\/chateaudelagreffiere.com\/wp-content\/uploads\/2016\/09\/sans-titre-38-scaled.jpg 1704w\" sizes=\"(max-width: 200px) 100vw, 200px\" \/><\/span><\/a><span class='text_holder'><span class='text_outer'><span class='text_inner'><span class='feature_holder'><span class=\"feature_holder_icons\"><a class='preview qbutton small white' href='https:\/\/chateaudelagreffiere.com\/en\/vins\/macon-milly-lamartine-cuvee-eole\/' target='_self'>view<\/a><\/span><\/span><\/span><\/span><\/span><\/div><div class='portfolio_description '><h5 class=\"portfolio_title\"><a href=\"https:\/\/chateaudelagreffiere.com\/en\/vins\/macon-milly-lamartine-cuvee-eole\/\"  target=\"_self\">M\u00e2con Milly-Lamartine &#8220;Cuv\u00e9e ALPHONSE&#8221;<\/a><\/h5><span class=\"project_category\" >Ch\u00e2teau des Bois, White wine<\/span><\/div><\/article>\n<article class='mix portfolio_category_241 portfolio_category_233 ' style=''><div class='image_holder'><a class='portfolio_link_for_touch' href='https:\/\/chateaudelagreffiere.com\/en\/vins\/macon-milly-lamartine\/' target='_self'><span class='image'><img width=\"200\" height=\"300\" src=\"https:\/\/chateaudelagreffiere.com\/wp-content\/uploads\/2016\/09\/Macon-Milly-Lamartine-blanc-200x300.jpg\" class=\"attachment-portofolio-list-custom size-portofolio-list-custom wp-post-image\" alt=\"\" loading=\"lazy\" srcset=\"https:\/\/chateaudelagreffiere.com\/wp-content\/uploads\/2016\/09\/Macon-Milly-Lamartine-blanc-200x300.jpg 200w, https:\/\/chateaudelagreffiere.com\/wp-content\/uploads\/2016\/09\/Macon-Milly-Lamartine-blanc-682x1024.jpg 682w, https:\/\/chateaudelagreffiere.com\/wp-content\/uploads\/2016\/09\/Macon-Milly-Lamartine-blanc-768x1154.jpg 768w, https:\/\/chateaudelagreffiere.com\/wp-content\/uploads\/2016\/09\/Macon-Milly-Lamartine-blanc-1022x1536.jpg 1022w, https:\/\/chateaudelagreffiere.com\/wp-content\/uploads\/2016\/09\/Macon-Milly-Lamartine-blanc-1363x2048.jpg 1363w, https:\/\/chateaudelagreffiere.com\/wp-content\/uploads\/2016\/09\/Macon-Milly-Lamartine-blanc-400x601.jpg 400w, https:\/\/chateaudelagreffiere.com\/wp-content\/uploads\/2016\/09\/Macon-Milly-Lamartine-blanc-600x901.jpg 600w, https:\/\/chateaudelagreffiere.com\/wp-content\/uploads\/2016\/09\/Macon-Milly-Lamartine-blanc-1100x1652.jpg 1100w, https:\/\/chateaudelagreffiere.com\/wp-content\/uploads\/2016\/09\/Macon-Milly-Lamartine-blanc-700x1052.jpg 700w, https:\/\/chateaudelagreffiere.com\/wp-content\/uploads\/2016\/09\/Macon-Milly-Lamartine-blanc-scaled.jpg 1704w\" sizes=\"(max-width: 200px) 100vw, 200px\" \/><\/span><\/a><span class='text_holder'><span class='text_outer'><span class='text_inner'><span class='feature_holder'><span class=\"feature_holder_icons\"><a class='preview qbutton small white' href='https:\/\/chateaudelagreffiere.com\/en\/vins\/macon-milly-lamartine\/' target='_self'>view<\/a><\/span><\/span><\/span><\/span><\/span><\/div><div class='portfolio_description '><h5 class=\"portfolio_title\"><a href=\"https:\/\/chateaudelagreffiere.com\/en\/vins\/macon-milly-lamartine\/\"  target=\"_self\">M\u00e2con Milly-Lamartine<\/a><\/h5><span class=\"project_category\" >Ch\u00e2teau des Bois, White wine<\/span><\/div><\/article>\n<article class='mix portfolio_category_241 portfolio_category_234 ' style=''><div class='image_holder'><a class='portfolio_link_for_touch' href='https:\/\/chateaudelagreffiere.com\/en\/vins\/17547\/' target='_self'><span class='image'><img width=\"200\" height=\"300\" src=\"https:\/\/chateaudelagreffiere.com\/wp-content\/uploads\/2016\/04\/ALPHONSE-ROUGE-200x300.jpg\" class=\"attachment-portofolio-list-custom size-portofolio-list-custom wp-post-image\" alt=\"\" loading=\"lazy\" srcset=\"https:\/\/chateaudelagreffiere.com\/wp-content\/uploads\/2016\/04\/ALPHONSE-ROUGE-200x300.jpg 200w, https:\/\/chateaudelagreffiere.com\/wp-content\/uploads\/2016\/04\/ALPHONSE-ROUGE-681x1024.jpg 681w, https:\/\/chateaudelagreffiere.com\/wp-content\/uploads\/2016\/04\/ALPHONSE-ROUGE-768x1154.jpg 768w, https:\/\/chateaudelagreffiere.com\/wp-content\/uploads\/2016\/04\/ALPHONSE-ROUGE-1022x1536.jpg 1022w, https:\/\/chateaudelagreffiere.com\/wp-content\/uploads\/2016\/04\/ALPHONSE-ROUGE-1363x2048.jpg 1363w, https:\/\/chateaudelagreffiere.com\/wp-content\/uploads\/2016\/04\/ALPHONSE-ROUGE-400x601.jpg 400w, https:\/\/chateaudelagreffiere.com\/wp-content\/uploads\/2016\/04\/ALPHONSE-ROUGE-600x902.jpg 600w, https:\/\/chateaudelagreffiere.com\/wp-content\/uploads\/2016\/04\/ALPHONSE-ROUGE-1100x1653.jpg 1100w, https:\/\/chateaudelagreffiere.com\/wp-content\/uploads\/2016\/04\/ALPHONSE-ROUGE-700x1052.jpg 700w, https:\/\/chateaudelagreffiere.com\/wp-content\/uploads\/2016\/04\/ALPHONSE-ROUGE-scaled.jpg 1704w\" sizes=\"(max-width: 200px) 100vw, 200px\" \/><\/span><\/a><span class='text_holder'><span class='text_outer'><span class='text_inner'><span class='feature_holder'><span class=\"feature_holder_icons\"><a class='preview qbutton small white' href='https:\/\/chateaudelagreffiere.com\/en\/vins\/17547\/' target='_self'>view<\/a><\/span><\/span><\/span><\/span><\/span><\/div><div class='portfolio_description '><h5 class=\"portfolio_title\"><a href=\"https:\/\/chateaudelagreffiere.com\/en\/vins\/17547\/\"  target=\"_self\">Bourgogne Rouge &#8220;Cuv\u00e9e ALPHONSE&#8221;<\/a><\/h5><span class=\"project_category\" >Ch\u00e2teau des Bois, Red wine<\/span><\/div><\/article>\n<div class='filler'><\/div>\n<div class='filler'><\/div>\n<div class='filler'><\/div>\n<\/div><\/div>[\/vc_column][\/vc_row][vc_row row_type=&#8221;row&#8221; use_row_as_full_screen_section=&#8221;no&#8221; type=&#8221;grid&#8221; angled_section=&#8221;no&#8221; text_align=&#8221;left&#8221; background_image_as_pattern=&#8221;without_pattern&#8221; css_animation=&#8221;&#8221;][vc_column][vc_separator type=&#8221;transparent&#8221; thickness=&#8221;1&#8243; up=&#8221;0&#8243; down=&#8221;0&#8243;][\/vc_column][\/vc_row]<\/p>\n","protected":false},"excerpt":{"rendered":"<p>[vc_row row_type=&#8221;row&#8221; use_row_as_full_screen_section=&#8221;no&#8221; type=&#8221;grid&#8221; anchor=&#8221;portfolio&#8221; angled_section=&#8221;no&#8221; text_align=&#8221;left&#8221; background_image_as_pattern=&#8221;without_pattern&#8221; background_color=&#8221;#ffffff&#8221; padding_top=&#8221;16&#8243; padding_bottom=&#8221;0&#8243; css_animation=&#8221;&#8221;][vc_column width=&#8221;1\/3&#8243;][vc_single_image image=&#8221;18515&#8243; img_size=&#8221;blog-list&#8221; alignment=&#8221;center&#8221; qode_css_animation=&#8221;element_from_left&#8221; transition_delay=&#8221;0.3&#8243;][vc_separator type=&#8221;transparent&#8221; up=&#8221;40&#8243; down=&#8221;0&#8243;][\/vc_column][vc_column width=&#8221;2\/3&#8243;][vc_column_text]A story[\/vc_column_text][vc_separator type=&#8221;small&#8221; position=&#8221;left&#8221; color=&#8221;#ad9263&#8243; thickness=&#8221;2&#8243; width=&#8221;47&#8243; up=&#8221;17&#8243; down=&#8221;14&#8243;][vc_column_text]Ch\u00e2teau des Bois is located at Sologny in south of Burgundy between M\u00e2con and Cluny. It&#8230;<\/p>\n","protected":false},"author":1,"featured_media":0,"parent":0,"menu_order":0,"comment_status":"closed","ping_status":"closed","template":"","meta":[],"_links":{"self":[{"href":"https:\/\/chateaudelagreffiere.com\/en\/wp-json\/wp\/v2\/pages\/17175"}],"collection":[{"href":"https:\/\/chateaudelagreffiere.com\/en\/wp-json\/wp\/v2\/pages"}],"about":[{"href":"https:\/\/chateaudelagreffiere.com\/en\/wp-json\/wp\/v2\/types\/page"}],"author":[{"embeddable":true,"href":"https:\/\/chateaudelagreffiere.com\/en\/wp-json\/wp\/v2\/users\/1"}],"replies":[{"embeddable":true,"href":"https:\/\/chateaudelagreffiere.com\/en\/wp-json\/wp\/v2\/comments?post=17175"}],"version-history":[{"count":22,"href":"https:\/\/chateaudelagreffiere.com\/en\/wp-json\/wp\/v2\/pages\/17175\/revisions"}],"predecessor-version":[{"id":19052,"href":"https:\/\/chateaudelagreffiere.com\/en\/wp-json\/wp\/v2\/pages\/17175\/revisions\/19052"}],"wp:attachment":[{"href":"https:\/\/chateaudelagreffiere.com\/en\/wp-json\/wp\/v2\/media?parent=17175"}],"curies":[{"name":"wp","href":"https:\/\/api.w.org\/{rel}","templated":true}]}}